{"id":394,"date":"2017-12-02T08:02:52","date_gmt":"2017-12-02T08:02:52","guid":{"rendered":"https:\/\/gasthof-schluff.com\/kueche\/"},"modified":"2018-04-18T17:55:09","modified_gmt":"2018-04-18T15:55:09","slug":"cucina","status":"publish","type":"page","link":"https:\/\/gasthof-schluff.com\/it\/cucina\/","title":{"rendered":"Cucina"},"content":{"rendered":"<h1>\n                        CUCINA ALTOATESINA<br \/>\n                    <\/h1>\n<p>Legata alle tradizioni<\/p>\n<h2>\n                        SEMPLICE. PREZIOSA. BUONA.<br \/>\n                    <\/h2>\n<p>La nostra cucina \u00e8 rimasta legata alle tradizioni del posto: piatti buoni sudtirolesi, semplici e gustosi. Ristorante (ideale per pranzi aziendali e feste di famiglia) con specialit\u00e0 tipiche di stagione. In autunno \u00e8 tempo di &#8220;T\u00f6rggelen&#8221;: vino novello e caldarroste della zona.<br \/>\nUn antica consuetudine per fare due chiacchiere, stare in compagnia con un p\u00f2 di musica e tanta allegria. Tutti i giorni dolci fatti in casa, frutta di stagione fresca, ristorante aperto tutto il giorno e una lista di vini assortita.<\/p>\n<figure><img decoding=\"async\" src=\"https:\/\/gasthof-schluff.com\/wp-content\/uploads\/2018\/03\/helmuth-kocht-605x465.jpg\" alt=\"helmuth-kocht\" \/><\/figure>\n<figure><img decoding=\"async\" src=\"https:\/\/gasthof-schluff.com\/wp-content\/uploads\/2018\/03\/speisesaal-605x465.jpg\" alt=\"speisesaal\" \/><\/figure>\n<figure><img decoding=\"async\" src=\"https:\/\/gasthof-schluff.com\/wp-content\/uploads\/2018\/04\/schlutzkrapfen-605x465.jpg\" alt=\"schlutzkrapfen\" \/><\/figure>\n<figure><img decoding=\"async\" src=\"https:\/\/gasthof-schluff.com\/wp-content\/uploads\/2018\/03\/goulasch-knoedel-605x465.jpg\" alt=\"goulasch-knoedel\" \/><\/figure>\n<figure><img decoding=\"async\" src=\"https:\/\/gasthof-schluff.com\/wp-content\/uploads\/2018\/03\/geroestel-605x465.jpg\" alt=\"geroestel\" \/><\/figure>\n<figure><img decoding=\"async\" src=\"https:\/\/gasthof-schluff.com\/wp-content\/uploads\/2018\/03\/wienerschnitzel-605x465.jpg\" alt=\"wienerschnitzel\" \/><\/figure>\n<figure><img decoding=\"async\" src=\"https:\/\/gasthof-schluff.com\/wp-content\/uploads\/2018\/03\/marillenkoedel-605x465.jpg\" alt=\"marillenkoedel\" \/><\/figure>\n<figure><img decoding=\"async\" src=\"https:\/\/gasthof-schluff.com\/wp-content\/uploads\/2018\/03\/marillenschnitte-605x465.jpg\" alt=\"marillenschnitte\" \/><\/figure>\n<figure><img decoding=\"async\" src=\"https:\/\/gasthof-schluff.com\/wp-content\/uploads\/2018\/03\/krapfen-605x465.jpg\" alt=\"krapfen\" \/><\/figure>\n<h2>\n                        ESTRATTO DAL NOSTRO MENU<br \/>\n                    <\/h2>\n<\/p>\n<p style=\"text-align: center;\">Il nostro menu \u00e8 basato su prodotti stagionali.<\/p>\n<h5>\n                        Minestre<br \/>\n                    <\/h5>\n<p>Canederli in brodo, Pastina in brodo con manzo                            <\/p>\n<h5>\n                        Schlutzkrapfen<br \/>\n                    <\/h5>\n<p>Traditionelles Gericht<\/p>\n<h5>\n                        Specialit\u00e0 di canederli<br \/>\n                    <\/h5>\n<p>Canederli di fegato, di spinaci, di rape rosse, gnocchi di formaggio<\/p>\n<h5>\n                        Canederli di grano saraceno con insalata di crauti<br \/>\n                    <\/h5>\n<p>Piatto tradizionale<\/p>\n<h5>\n                        Manzo lesso con cipolla<br \/>\n                    <\/h5>\n<p>Piatto freddo tipico tirolese<\/p>\n<h5>\n                        Gulasch di manzo con canederli e insalata di crauti<br \/>\n                    <\/h5>\n<p>Secondo piatto<\/p>\n<h5>\n                        Bistecca alla milanese<br \/>\n                    <\/h5>\n<p>Con patate lesse e salsa ai mirtilli rossi<\/p>\n<h5>\n                        Entrec\u00f4te con patate saltate<br \/>\n                    <\/h5>\n<p>Secondo piatto con insalata mista<\/p>\n<h5>\n                        W\u00fcrstel o bistecca alla milanese con patate fritte<br \/>\n                    <\/h5>\n<p>Piatto per i bimbi                                    <\/p>\n<h5>\n                        Desserts gustosi<br \/>\n                    <\/h5>\n<p>Strudel di mele, Torta di grano saraceno, Coppe di gelato, Krapfen Tirolesi<\/p>\n","protected":false},"excerpt":{"rendered":"<p>CUCINA ALTOATESINA Legata alle tradizioni SEMPLICE. PREZIOSA. BUONA. La nostra cucina \u00e8 rimasta legata alle tradizioni del posto: piatti buoni sudtirolesi, semplici e gustosi. Ristorante (ideale per pranzi aziendali e feste di famiglia) con specialit\u00e0 tipiche di stagione. In autunno &hellip; <a href=\"https:\/\/gasthof-schluff.com\/it\/cucina\/\">Read More<\/a><\/p>\n","protected":false},"author":1,"featured_media":0,"parent":0,"menu_order":11,"comment_status":"closed","ping_status":"closed","template":"","meta":{"footnotes":""},"class_list":["post-394","page","type-page","status-publish","hentry"],"_links":{"self":[{"href":"https:\/\/gasthof-schluff.com\/it\/wp-json\/wp\/v2\/pages\/394","targetHints":{"allow":["GET"]}}],"collection":[{"href":"https:\/\/gasthof-schluff.com\/it\/wp-json\/wp\/v2\/pages"}],"about":[{"href":"https:\/\/gasthof-schluff.com\/it\/wp-json\/wp\/v2\/types\/page"}],"author":[{"embeddable":true,"href":"https:\/\/gasthof-schluff.com\/it\/wp-json\/wp\/v2\/users\/1"}],"replies":[{"embeddable":true,"href":"https:\/\/gasthof-schluff.com\/it\/wp-json\/wp\/v2\/comments?post=394"}],"version-history":[{"count":10,"href":"https:\/\/gasthof-schluff.com\/it\/wp-json\/wp\/v2\/pages\/394\/revisions"}],"predecessor-version":[{"id":505,"href":"https:\/\/gasthof-schluff.com\/it\/wp-json\/wp\/v2\/pages\/394\/revisions\/505"}],"wp:attachment":[{"href":"https:\/\/gasthof-schluff.com\/it\/wp-json\/wp\/v2\/media?parent=394"}],"curies":[{"name":"wp","href":"https:\/\/api.w.org\/{rel}","templated":true}]}}