{"id":397,"date":"2018-03-22T21:27:26","date_gmt":"2018-03-22T20:27:26","guid":{"rendered":"https:\/\/gasthof-schluff.com\/ritten\/"},"modified":"2018-04-13T19:13:36","modified_gmt":"2018-04-13T17:13:36","slug":"renon","status":"publish","type":"page","link":"https:\/\/gasthof-schluff.com\/it\/renon\/","title":{"rendered":"Renon"},"content":{"rendered":"<h1>\n                        URLAUB AM RITTEN<br \/>\n                    <\/h1>\n<p>&#8220;Hier auf dem Ritten ist es g\u00f6ttlich sch\u00f6n und behaglich&#8221;<\/p>\n<h2>\n                        DAS RITTNER HOCHPLATEAU<br \/>\n                    <\/h2>\n<p>Hier brauchen wir noch einen netten Text \u00fcber den Ritten<br \/>\nLorem ipsum dolor sit amet, consetetur sadipscing elitr, sed diam nonumy eirmod tempor invidunt ut labore et dolore magna aliquyam erat, sed diam voluptua. At vero eos et accusam et justo duo dolores et ea rebum. Stet clita kasd gubergren, no sea takimata sanctus est Lorem ipsum dolor sit amet. Lorem ipsum dolor sit amet, consetetur sadipscing elitr, sed diam nonumy eirmod tempor invidunt ut labore et dolore magna aliquyam erat, sed diam voluptua. At vero eos et accusam et justo duo dolores et ea rebum. Stet clita kasd gubergren, no sea takimata sanctus est Lorem ipsum dolor sit amet. Lorem ipsum dolor sit amet, consetetur sadipscing elitr, sed diam nonumy eirmod tempor invidunt ut labore et dolore magna aliquyam erat, sed diam voluptua. At vero eos et accusam et justo duo dolores et ea rebum. Stet clita kasd gubergren, no sea takimata sanctus est Lorem ipsum dolor sit amet.<br \/>\nDuis autem vel eum iriure dolor in hendrerit in vulputate velit esse molestie consequat, vel illum dolore eu feugiat nulla facilisis at vero eros et accumsan et iusto odio dignissim qui blandit praesent luptatum zzril delenit augue duis dolore te feugait nulla facilisi. Lorem ipsum dolor sit amet,<\/p>\n<p>\t\t\t<a data-toggle=\"lightbox\" data-gallery=\"multiimages\" data-title=\"\"  href='https:\/\/gasthof-schluff.com\/wp-content\/uploads\/2018\/03\/rittner-bahnl-1240x918.jpg'><img loading=\"lazy\" decoding=\"async\" width=\"150\" height=\"150\" src=\"https:\/\/gasthof-schluff.com\/wp-content\/uploads\/2018\/03\/rittner-bahnl-150x150.jpg\" alt=\"\" srcset=\"https:\/\/gasthof-schluff.com\/wp-content\/uploads\/2018\/03\/rittner-bahnl-150x150.jpg 150w, https:\/\/gasthof-schluff.com\/wp-content\/uploads\/2018\/03\/rittner-bahnl-394x394.jpg 394w, https:\/\/gasthof-schluff.com\/wp-content\/uploads\/2018\/03\/rittner-bahnl-605x605.jpg 605w\" sizes=\"auto, (max-width: 150px) 100vw, 150px\" \/><\/a>rittner-bahnl<a data-toggle=\"lightbox\" data-gallery=\"multiimages\" data-title=\"\"  href='https:\/\/gasthof-schluff.com\/wp-content\/uploads\/2018\/03\/rittner-seilbahn-1240x918.jpg'><img loading=\"lazy\" decoding=\"async\" width=\"150\" height=\"150\" src=\"https:\/\/gasthof-schluff.com\/wp-content\/uploads\/2018\/03\/rittner-seilbahn-150x150.jpg\" alt=\"\" srcset=\"https:\/\/gasthof-schluff.com\/wp-content\/uploads\/2018\/03\/rittner-seilbahn-150x150.jpg 150w, https:\/\/gasthof-schluff.com\/wp-content\/uploads\/2018\/03\/rittner-seilbahn-394x394.jpg 394w, https:\/\/gasthof-schluff.com\/wp-content\/uploads\/2018\/03\/rittner-seilbahn-605x605.jpg 605w\" sizes=\"auto, (max-width: 150px) 100vw, 150px\" \/><\/a>rittner-seilbahn<a data-toggle=\"lightbox\" data-gallery=\"multiimages\" data-title=\"\"  href='https:\/\/gasthof-schluff.com\/wp-content\/uploads\/2018\/03\/rittner-erdpyramiden-1240x918.jpg'><img loading=\"lazy\" decoding=\"async\" width=\"150\" height=\"150\" src=\"https:\/\/gasthof-schluff.com\/wp-content\/uploads\/2018\/03\/rittner-erdpyramiden-150x150.jpg\" alt=\"\" srcset=\"https:\/\/gasthof-schluff.com\/wp-content\/uploads\/2018\/03\/rittner-erdpyramiden-150x150.jpg 150w, https:\/\/gasthof-schluff.com\/wp-content\/uploads\/2018\/03\/rittner-erdpyramiden-394x394.jpg 394w, https:\/\/gasthof-schluff.com\/wp-content\/uploads\/2018\/03\/rittner-erdpyramiden-605x605.jpg 605w\" sizes=\"auto, (max-width: 150px) 100vw, 150px\" \/><\/a>rittner-erdpyramiden<a data-toggle=\"lightbox\" data-gallery=\"multiimages\" data-title=\"\"  href='https:\/\/gasthof-schluff.com\/wp-content\/uploads\/2018\/03\/rittnerhorn-1240x918.jpg'><img loading=\"lazy\" decoding=\"async\" width=\"150\" height=\"150\" src=\"https:\/\/gasthof-schluff.com\/wp-content\/uploads\/2018\/03\/rittnerhorn-150x150.jpg\" alt=\"\" srcset=\"https:\/\/gasthof-schluff.com\/wp-content\/uploads\/2018\/03\/rittnerhorn-150x150.jpg 150w, https:\/\/gasthof-schluff.com\/wp-content\/uploads\/2018\/03\/rittnerhorn-394x394.jpg 394w, https:\/\/gasthof-schluff.com\/wp-content\/uploads\/2018\/03\/rittnerhorn-605x605.jpg 605w\" sizes=\"auto, (max-width: 150px) 100vw, 150px\" \/><\/a>rittnerhorn\t\t<\/p>\n<h2>\n                        EIN WINTERTRAUM<br \/>\n                    <\/h2>\n<p>Hier brauchen wir noch einen netten Text \u00fcber den Winter am Ritten&#8230;..<br \/>\nLorem ipsum dolor sit amet, consetetur sadipscing elitr, sed diam nonumy eirmod tempor invidunt ut labore et dolore magna aliquyam erat, sed diam voluptua. At vero eos et accusam et justo duo dolores et ea rebum. Stet clita kasd gubergren, no sea takimata sanctus est Lorem ipsum dolor sit amet. Lorem ipsum dolor sit amet, consetetur sadipscing elitr, sed diam nonumy eirmod tempor invidunt ut labore et dolore magna aliquyam erat, sed diam voluptua. At vero eos et accusam et justo duo dolores et ea rebum. Stet clita kasd gubergren, no sea takimata sanctus est Lorem ipsum dolor sit amet. Lorem ipsum dolor sit amet, consetetur sadipscing elitr, sed diam nonumy eirmod tempor invidunt ut labore et dolore magna aliquyam erat, sed diam voluptua. At vero eos et accusam et justo duo dolores et ea rebum. Stet clita kasd gubergren, no sea takimata sanctus est Lorem ipsum dolor sit amet.<br \/>\nDuis autem vel eum iriure dolor in hendrerit in vulputate velit esse molestie consequat, vel illum dolore eu feugiat nulla facilisis at vero eros et accumsan et iusto odio dignissim qui blandit praesent luptatum zzril delenit augue duis dolore te feugait nulla facilisi. Lorem ipsum dolor sit amet,<\/p>\n<p>\t\t\t<a data-toggle=\"lightbox\" data-gallery=\"multiimages\" data-title=\"\"  href='https:\/\/gasthof-schluff.com\/wp-content\/uploads\/2018\/04\/winter-gloriett-1240x918.jpg'><img loading=\"lazy\" decoding=\"async\" width=\"150\" height=\"150\" src=\"https:\/\/gasthof-schluff.com\/wp-content\/uploads\/2018\/04\/winter-gloriett-150x150.jpg\" alt=\"\" srcset=\"https:\/\/gasthof-schluff.com\/wp-content\/uploads\/2018\/04\/winter-gloriett-150x150.jpg 150w, https:\/\/gasthof-schluff.com\/wp-content\/uploads\/2018\/04\/winter-gloriett-394x394.jpg 394w, https:\/\/gasthof-schluff.com\/wp-content\/uploads\/2018\/04\/winter-gloriett-605x605.jpg 605w\" sizes=\"auto, (max-width: 150px) 100vw, 150px\" \/><\/a>winter-gloriett<a data-toggle=\"lightbox\" data-gallery=\"multiimages\" data-title=\"\"  href='https:\/\/gasthof-schluff.com\/wp-content\/uploads\/2018\/03\/schluff-im-winter-1240x918.jpg'><img loading=\"lazy\" decoding=\"async\" width=\"150\" height=\"150\" src=\"https:\/\/gasthof-schluff.com\/wp-content\/uploads\/2018\/03\/schluff-im-winter-150x150.jpg\" alt=\"\" srcset=\"https:\/\/gasthof-schluff.com\/wp-content\/uploads\/2018\/03\/schluff-im-winter-150x150.jpg 150w, https:\/\/gasthof-schluff.com\/wp-content\/uploads\/2018\/03\/schluff-im-winter-394x394.jpg 394w, https:\/\/gasthof-schluff.com\/wp-content\/uploads\/2018\/03\/schluff-im-winter-605x605.jpg 605w\" sizes=\"auto, (max-width: 150px) 100vw, 150px\" \/><\/a>schluff-im-winter<a data-toggle=\"lightbox\" data-gallery=\"multiimages\" data-title=\"\"  href='https:\/\/gasthof-schluff.com\/wp-content\/uploads\/2018\/03\/winter-am-ritten-1240x918.jpg'><img loading=\"lazy\" decoding=\"async\" width=\"150\" height=\"150\" src=\"https:\/\/gasthof-schluff.com\/wp-content\/uploads\/2018\/03\/winter-am-ritten-150x150.jpg\" alt=\"\" srcset=\"https:\/\/gasthof-schluff.com\/wp-content\/uploads\/2018\/03\/winter-am-ritten-150x150.jpg 150w, https:\/\/gasthof-schluff.com\/wp-content\/uploads\/2018\/03\/winter-am-ritten-394x394.jpg 394w, https:\/\/gasthof-schluff.com\/wp-content\/uploads\/2018\/03\/winter-am-ritten-605x605.jpg 605w\" sizes=\"auto, (max-width: 150px) 100vw, 150px\" \/><\/a>winter-am-ritten<a data-toggle=\"lightbox\" data-gallery=\"multiimages\" data-title=\"\"  href='https:\/\/gasthof-schluff.com\/wp-content\/uploads\/2018\/03\/schneewandern-am-ritten-1240x918.jpg'><img loading=\"lazy\" decoding=\"async\" width=\"150\" height=\"150\" src=\"https:\/\/gasthof-schluff.com\/wp-content\/uploads\/2018\/03\/schneewandern-am-ritten-150x150.jpg\" alt=\"\" srcset=\"https:\/\/gasthof-schluff.com\/wp-content\/uploads\/2018\/03\/schneewandern-am-ritten-150x150.jpg 150w, https:\/\/gasthof-schluff.com\/wp-content\/uploads\/2018\/03\/schneewandern-am-ritten-394x394.jpg 394w, https:\/\/gasthof-schluff.com\/wp-content\/uploads\/2018\/03\/schneewandern-am-ritten-605x605.jpg 605w\" sizes=\"auto, (max-width: 150px) 100vw, 150px\" \/><\/a>schneewandern-am-ritten\t\t<\/p>\n","protected":false},"excerpt":{"rendered":"<p>URLAUB AM RITTEN &#8220;Hier auf dem Ritten ist es g\u00f6ttlich sch\u00f6n und behaglich&#8221; DAS RITTNER HOCHPLATEAU Hier brauchen wir noch einen netten Text \u00fcber den Ritten Lorem ipsum dolor sit amet, consetetur sadipscing elitr, sed diam nonumy eirmod tempor invidunt &hellip; <a href=\"https:\/\/gasthof-schluff.com\/it\/renon\/\">Read More<\/a><\/p>\n","protected":false},"author":1,"featured_media":0,"parent":0,"menu_order":11,"comment_status":"closed","ping_status":"closed","template":"","meta":{"footnotes":""},"class_list":["post-397","page","type-page","status-publish","hentry"],"_links":{"self":[{"href":"https:\/\/gasthof-schluff.com\/it\/wp-json\/wp\/v2\/pages\/397","targetHints":{"allow":["GET"]}}],"collection":[{"href":"https:\/\/gasthof-schluff.com\/it\/wp-json\/wp\/v2\/pages"}],"about":[{"href":"https:\/\/gasthof-schluff.com\/it\/wp-json\/wp\/v2\/types\/page"}],"author":[{"embeddable":true,"href":"https:\/\/gasthof-schluff.com\/it\/wp-json\/wp\/v2\/users\/1"}],"replies":[{"embeddable":true,"href":"https:\/\/gasthof-schluff.com\/it\/wp-json\/wp\/v2\/comments?post=397"}],"version-history":[{"count":3,"href":"https:\/\/gasthof-schluff.com\/it\/wp-json\/wp\/v2\/pages\/397\/revisions"}],"predecessor-version":[{"id":500,"href":"https:\/\/gasthof-schluff.com\/it\/wp-json\/wp\/v2\/pages\/397\/revisions\/500"}],"wp:attachment":[{"href":"https:\/\/gasthof-schluff.com\/it\/wp-json\/wp\/v2\/media?parent=397"}],"curies":[{"name":"wp","href":"https:\/\/api.w.org\/{rel}","templated":true}]}}